{"id":82,"date":"2023-05-19T15:41:51","date_gmt":"2023-05-19T13:41:51","guid":{"rendered":"https:\/\/scolasrl.com\/?page_id=82"},"modified":"2024-03-07T17:07:42","modified_gmt":"2024-03-07T16:07:42","slug":"porte-blindate","status":"publish","type":"page","link":"https:\/\/scolasrl.com\/index.php\/porte-blindate\/","title":{"rendered":"Porte blindate"},"content":{"rendered":"\t\t<div data-elementor-type=\"wp-page\" data-elementor-id=\"82\" class=\"elementor elementor-82\">\n\t\t\t\t<div class=\"elementor-element elementor-element-719db5cc elementor-hidden-desktop elementor-hidden-tablet elementor-hidden-mobile e-flex e-con-boxed e-con e-parent\" data-id=\"719db5cc\" data-element_type=\"container\">\n\t\t\t\t\t<div class=\"e-con-inner\">\n\t\t\t\t<div class=\"elementor-element elementor-element-709f7adf elementor-widget elementor-widget-text-editor\" data-id=\"709f7adf\" data-element_type=\"widget\" data-widget_type=\"text-editor.default\">\n\t\t\t\t<div class=\"elementor-widget-container\">\n\t\t\t\t\t\t\t\t\t\n<p>La tua sicurezza \u00e8 la nostra priorit\u00e0.<br>L&#8217;installazione di una porta blindata pu\u00f2 aumentare notevolmente la sicurezza della tua abitazione, oltre ad essere isolanti al rumore e al passaggio di calore, sono impermeabili all&#8217;acqua e all&#8217;aria. <\/p>\n\n\n\n<p>Le nostre porte blindate sono l\u2019incontro perfetto tra solidit\u00e0, resistenza ed estetica: silenziose, a prova di spifferi, sicure, esprimono al meglio la personalit\u00e0 di ogni casa grazie a una grande variet\u00e0 di essenze, finiture e colori: vieni a scegliere i rivestimenti interni\/esterni pi\u00f9 adatti alle tue esigenze.<\/p>\n\n\n\n<p><\/p>\n\n\n\n<div class=\"wp-block-columns is-layout-flex wp-container-core-columns-is-layout-2 wp-block-columns-is-layout-flex\">\n<div class=\"wp-block-column is-layout-flow wp-block-column-is-layout-flow\" style=\"flex-basis:100%\">\n<figure class=\"wp-block-gallery has-nested-images columns-default is-cropped wp-block-gallery-2 is-layout-flex wp-block-gallery-is-layout-flex\">\n<figure class=\"wp-block-image size-large\"><img fetchpriority=\"high\" decoding=\"async\" width=\"536\" height=\"940\" src=\"https:\/\/scolasrl.com\/wp-content\/uploads\/2023\/06\/WhatsApp-Image-2023-05-19-at-18.24.41-864x1536-2-edited.jpeg\" alt=\"\" class=\"wp-image-189\" srcset=\"https:\/\/scolasrl.com\/wp-content\/uploads\/2023\/06\/WhatsApp-Image-2023-05-19-at-18.24.41-864x1536-2-edited.jpeg 536w, https:\/\/scolasrl.com\/wp-content\/uploads\/2023\/06\/WhatsApp-Image-2023-05-19-at-18.24.41-864x1536-2-edited-171x300.jpeg 171w\" sizes=\"(max-width: 536px) 100vw, 536px\" \/><\/figure>\n\n\n\n<figure class=\"wp-block-image size-large\"><img decoding=\"async\" width=\"576\" height=\"1024\" src=\"https:\/\/scolasrl.com\/wp-content\/uploads\/2023\/06\/WhatsApp-Image-2023-05-19-at-18.24.41-2-864x1536-1-576x1024.jpeg\" alt=\"\" class=\"wp-image-188\" srcset=\"https:\/\/scolasrl.com\/wp-content\/uploads\/2023\/06\/WhatsApp-Image-2023-05-19-at-18.24.41-2-864x1536-1-576x1024.jpeg 576w, https:\/\/scolasrl.com\/wp-content\/uploads\/2023\/06\/WhatsApp-Image-2023-05-19-at-18.24.41-2-864x1536-1-169x300.jpeg 169w, https:\/\/scolasrl.com\/wp-content\/uploads\/2023\/06\/WhatsApp-Image-2023-05-19-at-18.24.41-2-864x1536-1-768x1365.jpeg 768w, https:\/\/scolasrl.com\/wp-content\/uploads\/2023\/06\/WhatsApp-Image-2023-05-19-at-18.24.41-2-864x1536-1.jpeg 864w\" sizes=\"(max-width: 576px) 100vw, 576px\" \/><\/figure>\n<\/figure>\n\n\n\n<h3 class=\"wp-block-heading\"><strong>RIVESTIMENTI IN VETRO RESINA<\/strong><\/h3>\n\n\n\n<p>I pannelli di Vetro Resina hanno una naturale finitura legno che offre un contatto caldo e familiare. I pannelli della linea garantiscono ottime caratteristiche di abbattimento acustico, protezione dal calore, resistenza alle radiazioni ultraviolette, all&#8217;acqua, alla corrosione e all&#8217;invecchiamento. I pannelli sono antimuffa, antibatterici e non presentano problemi di rottura e scolorimento. <\/p>\n\n\n\n<figure class=\"wp-block-image size-large\"><img decoding=\"async\" width=\"820\" height=\"1024\" src=\"https:\/\/scolasrl.com\/wp-content\/uploads\/2023\/06\/WhatsApp-Image-2023-06-04-at-10.15.48-1-820x1024.jpeg\" alt=\"\" class=\"wp-image-190\" srcset=\"https:\/\/scolasrl.com\/wp-content\/uploads\/2023\/06\/WhatsApp-Image-2023-06-04-at-10.15.48-1-820x1024.jpeg 820w, https:\/\/scolasrl.com\/wp-content\/uploads\/2023\/06\/WhatsApp-Image-2023-06-04-at-10.15.48-1-240x300.jpeg 240w, https:\/\/scolasrl.com\/wp-content\/uploads\/2023\/06\/WhatsApp-Image-2023-06-04-at-10.15.48-1-768x959.jpeg 768w, https:\/\/scolasrl.com\/wp-content\/uploads\/2023\/06\/WhatsApp-Image-2023-06-04-at-10.15.48-1.jpeg 1038w\" sizes=\"(max-width: 820px) 100vw, 820px\" \/><\/figure>\n<\/div>\n<\/div>\n\t\t\t\t\t\t\t\t<\/div>\n\t\t\t\t<\/div>\n\t\t\t\t\t<\/div>\n\t\t\t\t<\/div>\n\t\t<div class=\"elementor-element elementor-element-454f635 e-flex e-con-boxed e-con e-parent\" data-id=\"454f635\" data-element_type=\"container\">\n\t\t\t\t\t<div class=\"e-con-inner\">\n\t\t\t\t<div class=\"elementor-element elementor-element-53ef714 elementor-widget elementor-widget-heading\" data-id=\"53ef714\" data-element_type=\"widget\" data-widget_type=\"heading.default\">\n\t\t\t\t<div class=\"elementor-widget-container\">\n\t\t\t\t\t<h2 class=\"elementor-heading-title elementor-size-default\">Porte Blindate<\/h2>\t\t\t\t<\/div>\n\t\t\t\t<\/div>\n\t\t<div class=\"elementor-element elementor-element-9348fb8 e-flex e-con-boxed e-con e-child\" data-id=\"9348fb8\" data-element_type=\"container\">\n\t\t\t\t\t<div class=\"e-con-inner\">\n\t\t<div class=\"elementor-element elementor-element-2c32357 e-con-full e-flex e-con e-child\" data-id=\"2c32357\" data-element_type=\"container\">\n\t\t\t\t<div class=\"elementor-element elementor-element-55ec21d e-transform e-transform elementor-widget elementor-widget-image\" data-id=\"55ec21d\" data-element_type=\"widget\" data-settings=\"{&quot;_transform_scale_effect_hover&quot;:{&quot;unit&quot;:&quot;px&quot;,&quot;size&quot;:1.02,&quot;sizes&quot;:[]},&quot;_transform_scaleX_effect&quot;:{&quot;unit&quot;:&quot;px&quot;,&quot;size&quot;:&quot;&quot;,&quot;sizes&quot;:[]},&quot;_transform_scaleX_effect_tablet&quot;:{&quot;unit&quot;:&quot;px&quot;,&quot;size&quot;:&quot;&quot;,&quot;sizes&quot;:[]},&quot;_transform_scaleX_effect_mobile&quot;:{&quot;unit&quot;:&quot;px&quot;,&quot;size&quot;:&quot;&quot;,&quot;sizes&quot;:[]},&quot;_transform_scaleY_effect&quot;:{&quot;unit&quot;:&quot;px&quot;,&quot;size&quot;:&quot;&quot;,&quot;sizes&quot;:[]},&quot;_transform_scaleY_effect_tablet&quot;:{&quot;unit&quot;:&quot;px&quot;,&quot;size&quot;:&quot;&quot;,&quot;sizes&quot;:[]},&quot;_transform_scaleY_effect_mobile&quot;:{&quot;unit&quot;:&quot;px&quot;,&quot;size&quot;:&quot;&quot;,&quot;sizes&quot;:[]},&quot;_transform_scale_effect_hover_tablet&quot;:{&quot;unit&quot;:&quot;px&quot;,&quot;size&quot;:&quot;&quot;,&quot;sizes&quot;:[]},&quot;_transform_scale_effect_hover_mobile&quot;:{&quot;unit&quot;:&quot;px&quot;,&quot;size&quot;:&quot;&quot;,&quot;sizes&quot;:[]}}\" data-widget_type=\"image.default\">\n\t\t\t\t<div class=\"elementor-widget-container\">\n\t\t\t\t\t\t\t\t\t\t\t\t\t\t\t\t<a href=\"https:\/\/scolasrl.com\/index.php\/blindate-condominio\">\n\t\t\t\t\t\t\t<img loading=\"lazy\" decoding=\"async\" width=\"1494\" height=\"1852\" src=\"https:\/\/scolasrl.com\/wp-content\/uploads\/2024\/02\/Blindo-1.png\" class=\"attachment-full size-full wp-image-2512\" alt=\"scola srl serramenti ceriale blindata condominio\" srcset=\"https:\/\/scolasrl.com\/wp-content\/uploads\/2024\/02\/Blindo-1.png 1494w, https:\/\/scolasrl.com\/wp-content\/uploads\/2024\/02\/Blindo-1-242x300.png 242w, https:\/\/scolasrl.com\/wp-content\/uploads\/2024\/02\/Blindo-1-826x1024.png 826w, https:\/\/scolasrl.com\/wp-content\/uploads\/2024\/02\/Blindo-1-768x952.png 768w, https:\/\/scolasrl.com\/wp-content\/uploads\/2024\/02\/Blindo-1-1239x1536.png 1239w, https:\/\/scolasrl.com\/wp-content\/uploads\/2024\/02\/Blindo-1-363x450.png 363w\" sizes=\"(max-width: 1494px) 100vw, 1494px\" \/>\t\t\t\t\t\t\t\t<\/a>\n\t\t\t\t\t\t\t\t\t\t\t\t\t\t\t<\/div>\n\t\t\t\t<\/div>\n\t\t\t\t<div class=\"elementor-element elementor-element-5c87f29 elementor-widget elementor-widget-heading\" data-id=\"5c87f29\" data-element_type=\"widget\" data-widget_type=\"heading.default\">\n\t\t\t\t<div class=\"elementor-widget-container\">\n\t\t\t\t\t<h4 class=\"elementor-heading-title elementor-size-default\">Appartamento<\/h4>\t\t\t\t<\/div>\n\t\t\t\t<\/div>\n\t\t\t\t<\/div>\n\t\t<div class=\"elementor-element elementor-element-151c6fb e-con-full e-flex e-con e-child\" data-id=\"151c6fb\" data-element_type=\"container\">\n\t\t\t\t<div class=\"elementor-element elementor-element-a5e1445 e-transform e-transform elementor-widget elementor-widget-image\" data-id=\"a5e1445\" data-element_type=\"widget\" data-settings=\"{&quot;_transform_scale_effect_hover&quot;:{&quot;unit&quot;:&quot;px&quot;,&quot;size&quot;:1.02,&quot;sizes&quot;:[]},&quot;_transform_scaleX_effect&quot;:{&quot;unit&quot;:&quot;px&quot;,&quot;size&quot;:&quot;&quot;,&quot;sizes&quot;:[]},&quot;_transform_scaleX_effect_tablet&quot;:{&quot;unit&quot;:&quot;px&quot;,&quot;size&quot;:&quot;&quot;,&quot;sizes&quot;:[]},&quot;_transform_scaleX_effect_mobile&quot;:{&quot;unit&quot;:&quot;px&quot;,&quot;size&quot;:&quot;&quot;,&quot;sizes&quot;:[]},&quot;_transform_scaleY_effect&quot;:{&quot;unit&quot;:&quot;px&quot;,&quot;size&quot;:&quot;&quot;,&quot;sizes&quot;:[]},&quot;_transform_scaleY_effect_tablet&quot;:{&quot;unit&quot;:&quot;px&quot;,&quot;size&quot;:&quot;&quot;,&quot;sizes&quot;:[]},&quot;_transform_scaleY_effect_mobile&quot;:{&quot;unit&quot;:&quot;px&quot;,&quot;size&quot;:&quot;&quot;,&quot;sizes&quot;:[]},&quot;_transform_scale_effect_hover_tablet&quot;:{&quot;unit&quot;:&quot;px&quot;,&quot;size&quot;:&quot;&quot;,&quot;sizes&quot;:[]},&quot;_transform_scale_effect_hover_mobile&quot;:{&quot;unit&quot;:&quot;px&quot;,&quot;size&quot;:&quot;&quot;,&quot;sizes&quot;:[]}}\" data-widget_type=\"image.default\">\n\t\t\t\t<div class=\"elementor-widget-container\">\n\t\t\t\t\t\t\t\t\t\t\t\t\t\t\t\t<a href=\"https:\/\/scolasrl.com\/index.php\/blindate-villa\">\n\t\t\t\t\t\t\t<img loading=\"lazy\" decoding=\"async\" width=\"1494\" height=\"1852\" src=\"https:\/\/scolasrl.com\/wp-content\/uploads\/2024\/02\/Medea.png\" class=\"attachment-full size-full wp-image-2509\" alt=\"scola srl serramenti ceriale blindata Medea\" srcset=\"https:\/\/scolasrl.com\/wp-content\/uploads\/2024\/02\/Medea.png 1494w, https:\/\/scolasrl.com\/wp-content\/uploads\/2024\/02\/Medea-242x300.png 242w, https:\/\/scolasrl.com\/wp-content\/uploads\/2024\/02\/Medea-826x1024.png 826w, https:\/\/scolasrl.com\/wp-content\/uploads\/2024\/02\/Medea-768x952.png 768w, https:\/\/scolasrl.com\/wp-content\/uploads\/2024\/02\/Medea-1239x1536.png 1239w, https:\/\/scolasrl.com\/wp-content\/uploads\/2024\/02\/Medea-363x450.png 363w\" sizes=\"(max-width: 1494px) 100vw, 1494px\" \/>\t\t\t\t\t\t\t\t<\/a>\n\t\t\t\t\t\t\t\t\t\t\t\t\t\t\t<\/div>\n\t\t\t\t<\/div>\n\t\t\t\t<div class=\"elementor-element elementor-element-fd2577b elementor-widget elementor-widget-heading\" data-id=\"fd2577b\" data-element_type=\"widget\" data-widget_type=\"heading.default\">\n\t\t\t\t<div class=\"elementor-widget-container\">\n\t\t\t\t\t<h4 class=\"elementor-heading-title elementor-size-default\">Villetta<\/h4>\t\t\t\t<\/div>\n\t\t\t\t<\/div>\n\t\t\t\t<\/div>\n\t\t\t\t\t<\/div>\n\t\t\t\t<\/div>\n\t\t\t\t\t<\/div>\n\t\t\t\t<\/div>\n\t\t\t\t<\/div>\n\t\t","protected":false},"excerpt":{"rendered":"<p>La tua sicurezza \u00e8 la nostra priorit\u00e0.L&#8217;installazione di una porta blindata pu\u00f2 aumentare notevolmente la sicurezza della tua abitazione, oltre ad essere isolanti al rumore e al passaggio di calore, sono impermeabili all&#8217;acqua e all&#8217;aria. Le nostre porte blindate sono l\u2019incontro perfetto tra solidit\u00e0, resistenza ed estetica: silenziose, a prova di spifferi, sicure, esprimono al [&hellip;]<\/p>\n","protected":false},"author":1,"featured_media":0,"parent":0,"menu_order":0,"comment_status":"closed","ping_status":"closed","template":"","meta":{"site-sidebar-layout":"default","site-content-layout":"","ast-site-content-layout":"default","site-content-style":"default","site-sidebar-style":"default","ast-global-header-display":"","ast-banner-title-visibility":"","ast-main-header-display":"","ast-hfb-above-header-display":"","ast-hfb-below-header-display":"","ast-hfb-mobile-header-display":"","site-post-title":"","ast-breadcrumbs-content":"","ast-featured-img":"","footer-sml-layout":"","theme-transparent-header-meta":"","adv-header-id-meta":"","stick-header-meta":"","header-above-stick-meta":"","header-main-stick-meta":"","header-below-stick-meta":"","astra-migrate-meta-layouts":"set","ast-page-background-enabled":"default","ast-page-background-meta":{"desktop":{"background-color":"","background-image":"","background-repeat":"repeat","background-position":"center center","background-size":"auto","background-attachment":"scroll","background-type":"","background-media":"","overlay-type":"","overlay-color":"","overlay-opacity":"","overlay-gradient":""},"tablet":{"background-color":"","background-image":"","background-repeat":"repeat","background-position":"center center","background-size":"auto","background-attachment":"scroll","background-type":"","background-media":"","overlay-type":"","overlay-color":"","overlay-opacity":"","overlay-gradient":""},"mobile":{"background-color":"","background-image":"","background-repeat":"repeat","background-position":"center center","background-size":"auto","background-attachment":"scroll","background-type":"","background-media":"","overlay-type":"","overlay-color":"","overlay-opacity":"","overlay-gradient":""}},"ast-content-background-meta":{"desktop":{"background-color":"var(--ast-global-color-5)","background-image":"","background-repeat":"repeat","background-position":"center center","background-size":"auto","background-attachment":"scroll","background-type":"","background-media":"","overlay-type":"","overlay-color":"","overlay-opacity":"","overlay-gradient":""},"tablet":{"background-color":"var(--ast-global-color-5)","background-image":"","background-repeat":"repeat","background-position":"center center","background-size":"auto","background-attachment":"scroll","background-type":"","background-media":"","overlay-type":"","overlay-color":"","overlay-opacity":"","overlay-gradient":""},"mobile":{"background-color":"var(--ast-global-color-5)","background-image":"","background-repeat":"repeat","background-position":"center center","background-size":"auto","background-attachment":"scroll","background-type":"","background-media":"","overlay-type":"","overlay-color":"","overlay-opacity":"","overlay-gradient":""}},"footnotes":""},"class_list":["post-82","page","type-page","status-publish","hentry"],"yoast_head":"<!-- This site is optimized with the Yoast SEO plugin v26.8 - https:\/\/yoast.com\/product\/yoast-seo-wordpress\/ -->\n<title>Porte blindate - Scola SRL<\/title>\n<meta name=\"description\" content=\"Porte blindate di qualit\u00e0: per appartamenti e ville, classiche o a bilico. Scegli la soluzione che fa per te!\" \/>\n<meta name=\"robots\" content=\"index, follow, max-snippet:-1, max-image-preview:large, max-video-preview:-1\" \/>\n<link rel=\"canonical\" href=\"https:\/\/scolasrl.com\/index.php\/porte-blindate\/\" \/>\n<meta property=\"og:locale\" content=\"it_IT\" \/>\n<meta property=\"og:type\" content=\"article\" \/>\n<meta property=\"og:title\" content=\"Porte blindate - Scola SRL\" \/>\n<meta property=\"og:description\" content=\"Porte blindate di qualit\u00e0: per appartamenti e ville, classiche o a bilico. Scegli la soluzione che fa per te!\" \/>\n<meta property=\"og:url\" content=\"https:\/\/scolasrl.com\/index.php\/porte-blindate\/\" \/>\n<meta property=\"og:site_name\" content=\"Scola SRL\" \/>\n<meta property=\"article:publisher\" content=\"https:\/\/www.facebook.com\/p\/Scola-PorteFinestre-100063771105070\/\" \/>\n<meta property=\"article:modified_time\" content=\"2024-03-07T16:07:42+00:00\" \/>\n<meta property=\"og:image\" content=\"https:\/\/scolasrl.com\/wp-content\/uploads\/2023\/06\/WhatsApp-Image-2023-05-19-at-18.24.41-864x1536-2-edited.jpeg\" \/>\n<meta name=\"twitter:card\" content=\"summary_large_image\" \/>\n<meta name=\"twitter:label1\" content=\"Tempo di lettura stimato\" \/>\n\t<meta name=\"twitter:data1\" content=\"2 minuti\" \/>\n<script type=\"application\/ld+json\" class=\"yoast-schema-graph\">{\"@context\":\"https:\/\/schema.org\",\"@graph\":[{\"@type\":\"WebPage\",\"@id\":\"https:\/\/scolasrl.com\/index.php\/porte-blindate\/\",\"url\":\"https:\/\/scolasrl.com\/index.php\/porte-blindate\/\",\"name\":\"Porte blindate - Scola SRL\",\"isPartOf\":{\"@id\":\"https:\/\/scolasrl.com\/#website\"},\"primaryImageOfPage\":{\"@id\":\"https:\/\/scolasrl.com\/index.php\/porte-blindate\/#primaryimage\"},\"image\":{\"@id\":\"https:\/\/scolasrl.com\/index.php\/porte-blindate\/#primaryimage\"},\"thumbnailUrl\":\"https:\/\/scolasrl.com\/wp-content\/uploads\/2023\/06\/WhatsApp-Image-2023-05-19-at-18.24.41-864x1536-2-edited.jpeg\",\"datePublished\":\"2023-05-19T13:41:51+00:00\",\"dateModified\":\"2024-03-07T16:07:42+00:00\",\"description\":\"Porte blindate di qualit\u00e0: per appartamenti e ville, classiche o a bilico. Scegli la soluzione che fa per te!\",\"breadcrumb\":{\"@id\":\"https:\/\/scolasrl.com\/index.php\/porte-blindate\/#breadcrumb\"},\"inLanguage\":\"it-IT\",\"potentialAction\":[{\"@type\":\"ReadAction\",\"target\":[\"https:\/\/scolasrl.com\/index.php\/porte-blindate\/\"]}]},{\"@type\":\"ImageObject\",\"inLanguage\":\"it-IT\",\"@id\":\"https:\/\/scolasrl.com\/index.php\/porte-blindate\/#primaryimage\",\"url\":\"https:\/\/scolasrl.com\/wp-content\/uploads\/2023\/06\/WhatsApp-Image-2023-05-19-at-18.24.41-864x1536-2-edited.jpeg\",\"contentUrl\":\"https:\/\/scolasrl.com\/wp-content\/uploads\/2023\/06\/WhatsApp-Image-2023-05-19-at-18.24.41-864x1536-2-edited.jpeg\",\"width\":536,\"height\":940},{\"@type\":\"BreadcrumbList\",\"@id\":\"https:\/\/scolasrl.com\/index.php\/porte-blindate\/#breadcrumb\",\"itemListElement\":[{\"@type\":\"ListItem\",\"position\":1,\"name\":\"Home\",\"item\":\"https:\/\/scolasrl.com\/\"},{\"@type\":\"ListItem\",\"position\":2,\"name\":\"Porte blindate\"}]},{\"@type\":\"WebSite\",\"@id\":\"https:\/\/scolasrl.com\/#website\",\"url\":\"https:\/\/scolasrl.com\/\",\"name\":\"Scola SRL\",\"description\":\"Specialisti in Serramenti a Ceriale | Porte, Finestre\",\"publisher\":{\"@id\":\"https:\/\/scolasrl.com\/#organization\"},\"potentialAction\":[{\"@type\":\"SearchAction\",\"target\":{\"@type\":\"EntryPoint\",\"urlTemplate\":\"https:\/\/scolasrl.com\/?s={search_term_string}\"},\"query-input\":{\"@type\":\"PropertyValueSpecification\",\"valueRequired\":true,\"valueName\":\"search_term_string\"}}],\"inLanguage\":\"it-IT\"},{\"@type\":\"Organization\",\"@id\":\"https:\/\/scolasrl.com\/#organization\",\"name\":\"Scola SRL\",\"url\":\"https:\/\/scolasrl.com\/\",\"logo\":{\"@type\":\"ImageObject\",\"inLanguage\":\"it-IT\",\"@id\":\"https:\/\/scolasrl.com\/#\/schema\/logo\/image\/\",\"url\":\"https:\/\/scolasrl.com\/wp-content\/uploads\/2023\/05\/cropped-cropped-Logo_Scola_Remastered_NoBG.png\",\"contentUrl\":\"https:\/\/scolasrl.com\/wp-content\/uploads\/2023\/05\/cropped-cropped-Logo_Scola_Remastered_NoBG.png\",\"width\":492,\"height\":359,\"caption\":\"Scola SRL\"},\"image\":{\"@id\":\"https:\/\/scolasrl.com\/#\/schema\/logo\/image\/\"},\"sameAs\":[\"https:\/\/www.facebook.com\/p\/Scola-PorteFinestre-100063771105070\/\",\"https:\/\/www.instagram.com\/scolasrl\/\"]}]}<\/script>\n<!-- \/ Yoast SEO plugin. -->","yoast_head_json":{"title":"Porte blindate - Scola SRL","description":"Porte blindate di qualit\u00e0: per appartamenti e ville, classiche o a bilico. Scegli la soluzione che fa per te!","robots":{"index":"index","follow":"follow","max-snippet":"max-snippet:-1","max-image-preview":"max-image-preview:large","max-video-preview":"max-video-preview:-1"},"canonical":"https:\/\/scolasrl.com\/index.php\/porte-blindate\/","og_locale":"it_IT","og_type":"article","og_title":"Porte blindate - Scola SRL","og_description":"Porte blindate di qualit\u00e0: per appartamenti e ville, classiche o a bilico. Scegli la soluzione che fa per te!","og_url":"https:\/\/scolasrl.com\/index.php\/porte-blindate\/","og_site_name":"Scola SRL","article_publisher":"https:\/\/www.facebook.com\/p\/Scola-PorteFinestre-100063771105070\/","article_modified_time":"2024-03-07T16:07:42+00:00","og_image":[{"url":"https:\/\/scolasrl.com\/wp-content\/uploads\/2023\/06\/WhatsApp-Image-2023-05-19-at-18.24.41-864x1536-2-edited.jpeg","type":"","width":"","height":""}],"twitter_card":"summary_large_image","twitter_misc":{"Tempo di lettura stimato":"2 minuti"},"schema":{"@context":"https:\/\/schema.org","@graph":[{"@type":"WebPage","@id":"https:\/\/scolasrl.com\/index.php\/porte-blindate\/","url":"https:\/\/scolasrl.com\/index.php\/porte-blindate\/","name":"Porte blindate - Scola SRL","isPartOf":{"@id":"https:\/\/scolasrl.com\/#website"},"primaryImageOfPage":{"@id":"https:\/\/scolasrl.com\/index.php\/porte-blindate\/#primaryimage"},"image":{"@id":"https:\/\/scolasrl.com\/index.php\/porte-blindate\/#primaryimage"},"thumbnailUrl":"https:\/\/scolasrl.com\/wp-content\/uploads\/2023\/06\/WhatsApp-Image-2023-05-19-at-18.24.41-864x1536-2-edited.jpeg","datePublished":"2023-05-19T13:41:51+00:00","dateModified":"2024-03-07T16:07:42+00:00","description":"Porte blindate di qualit\u00e0: per appartamenti e ville, classiche o a bilico. Scegli la soluzione che fa per te!","breadcrumb":{"@id":"https:\/\/scolasrl.com\/index.php\/porte-blindate\/#breadcrumb"},"inLanguage":"it-IT","potentialAction":[{"@type":"ReadAction","target":["https:\/\/scolasrl.com\/index.php\/porte-blindate\/"]}]},{"@type":"ImageObject","inLanguage":"it-IT","@id":"https:\/\/scolasrl.com\/index.php\/porte-blindate\/#primaryimage","url":"https:\/\/scolasrl.com\/wp-content\/uploads\/2023\/06\/WhatsApp-Image-2023-05-19-at-18.24.41-864x1536-2-edited.jpeg","contentUrl":"https:\/\/scolasrl.com\/wp-content\/uploads\/2023\/06\/WhatsApp-Image-2023-05-19-at-18.24.41-864x1536-2-edited.jpeg","width":536,"height":940},{"@type":"BreadcrumbList","@id":"https:\/\/scolasrl.com\/index.php\/porte-blindate\/#breadcrumb","itemListElement":[{"@type":"ListItem","position":1,"name":"Home","item":"https:\/\/scolasrl.com\/"},{"@type":"ListItem","position":2,"name":"Porte blindate"}]},{"@type":"WebSite","@id":"https:\/\/scolasrl.com\/#website","url":"https:\/\/scolasrl.com\/","name":"Scola SRL","description":"Specialisti in Serramenti a Ceriale | Porte, Finestre","publisher":{"@id":"https:\/\/scolasrl.com\/#organization"},"potentialAction":[{"@type":"SearchAction","target":{"@type":"EntryPoint","urlTemplate":"https:\/\/scolasrl.com\/?s={search_term_string}"},"query-input":{"@type":"PropertyValueSpecification","valueRequired":true,"valueName":"search_term_string"}}],"inLanguage":"it-IT"},{"@type":"Organization","@id":"https:\/\/scolasrl.com\/#organization","name":"Scola SRL","url":"https:\/\/scolasrl.com\/","logo":{"@type":"ImageObject","inLanguage":"it-IT","@id":"https:\/\/scolasrl.com\/#\/schema\/logo\/image\/","url":"https:\/\/scolasrl.com\/wp-content\/uploads\/2023\/05\/cropped-cropped-Logo_Scola_Remastered_NoBG.png","contentUrl":"https:\/\/scolasrl.com\/wp-content\/uploads\/2023\/05\/cropped-cropped-Logo_Scola_Remastered_NoBG.png","width":492,"height":359,"caption":"Scola SRL"},"image":{"@id":"https:\/\/scolasrl.com\/#\/schema\/logo\/image\/"},"sameAs":["https:\/\/www.facebook.com\/p\/Scola-PorteFinestre-100063771105070\/","https:\/\/www.instagram.com\/scolasrl\/"]}]}},"_links":{"self":[{"href":"https:\/\/scolasrl.com\/index.php\/wp-json\/wp\/v2\/pages\/82","targetHints":{"allow":["GET"]}}],"collection":[{"href":"https:\/\/scolasrl.com\/index.php\/wp-json\/wp\/v2\/pages"}],"about":[{"href":"https:\/\/scolasrl.com\/index.php\/wp-json\/wp\/v2\/types\/page"}],"author":[{"embeddable":true,"href":"https:\/\/scolasrl.com\/index.php\/wp-json\/wp\/v2\/users\/1"}],"replies":[{"embeddable":true,"href":"https:\/\/scolasrl.com\/index.php\/wp-json\/wp\/v2\/comments?post=82"}],"version-history":[{"count":54,"href":"https:\/\/scolasrl.com\/index.php\/wp-json\/wp\/v2\/pages\/82\/revisions"}],"predecessor-version":[{"id":4572,"href":"https:\/\/scolasrl.com\/index.php\/wp-json\/wp\/v2\/pages\/82\/revisions\/4572"}],"wp:attachment":[{"href":"https:\/\/scolasrl.com\/index.php\/wp-json\/wp\/v2\/media?parent=82"}],"curies":[{"name":"wp","href":"https:\/\/api.w.org\/{rel}","templated":true}]}}